{"id":186,"date":"2017-01-20T08:40:17","date_gmt":"2017-01-20T08:40:17","guid":{"rendered":"http:\/\/demo.milotheme.com\/eco\/?page_id=186"},"modified":"2024-11-28T10:32:08","modified_gmt":"2024-11-28T10:32:08","slug":"faqs","status":"publish","type":"page","link":"https:\/\/testing.fadora.it\/aeris\/index.php\/faqs\/","title":{"rendered":"FAQs"},"content":{"rendered":"<div class=\"wpb-content-wrapper\"><p>[vc_row css=&#8221;.vc_custom_1487065324723{padding-top: 3% !important;padding-bottom: 8% !important;}&#8221;][vc_column][vc_row_inner][vc_column_inner][vc_custom_heading text=&#8221;FAQs: Risposte alle Tue Domande Frequenti&#8221; font_container=&#8221;tag:h1|text_align:center&#8221; use_theme_fonts=&#8221;yes&#8221; css=&#8221;&#8221; heading_style=&#8221;style_1&#8243;][vc_column_text css=&#8221;.vc_custom_1732373844791{padding-right: 15% !important;padding-left: 15% !important;}&#8221;]<\/p>\n<p style=\"text-align: center;\">Abbiamo raccolto le domande pi\u00f9 comuni per offrirti risposte immediate e dettagliate.<\/p>\n<p>[\/vc_column_text][\/vc_column_inner][\/vc_row_inner][vc_toggle title=&#8221;IN COSA CONSISTE L\u2019IMPIANTO VENDUTO DA AERIS PER PRODURRE BIORAME?&#8221; css=&#8221;&#8221; el_class=&#8221;faq-toggle&#8221;]<\/p>\n<div>\n<p>L\u2019impianto consiste in un contenitore con annessi necessari per produrre rame colloidale attraverso un processo elettrolitico. Su richiesta, possono essere forniti come optional sistemi idonei per il trattamento delle acque (dove l\u2019acqua disponibile non sia potabile), sistemi automatizzati per aziende di grosse dimensioni, e moduli di copertura in caso di installazioni all\u2019aperto.<\/p>\n<p>DATI TECNICI:<\/p>\n<p>&#8211; Peso a vuoto: 150 kg<\/p>\n<p>&#8211; Peso carico: 1150 kg<\/p>\n<p>&#8211; Dimensioni: Altezza: 1700 cm, Larghezza: 1000 cm, Lunghezza: 1200 cm<\/p>\n<p>&#8211; Capacit\u00e0 serbatoio: 1000 lt<\/p>\n<p>&#8211; Potenza: 5A &#8211; 220VAC monofase<\/p>\n<\/div>\n<p>[\/vc_toggle][vc_toggle title=&#8221;IN PRATICA COSA PRODUCE?&#8221; css=&#8221;&#8221; el_class=&#8221;faq-toggle&#8221;]<\/p>\n<div>\n<p>Microparticelle di rame puro al 99,9% sono disperse in una soluzione acquosa in quantit\u00e0 inferiore ai 10 mg per litro.<\/p>\n<\/div>\n<p>[\/vc_toggle][vc_toggle title=&#8221;COSA VIENE UTILIZZATO COME BASE?&#8221; css=&#8221;&#8221; el_class=&#8221;faq-toggle&#8221;]L&#8217;acqua potabile viene utilizzata nel processo, e le barre di rame<br \/>\nall\u2019interno dell\u2019impianto hanno una durata di circa due anni, a<br \/>\nseconda dell\u2019utilizzo. Il loro costo \u00e8 irrilevante in rapporto ai litri di<br \/>\nprodotto realizzati.[\/vc_toggle][vc_toggle title=&#8221;COSA SERVE PER INSTALLARE L\u2019IMPIANTO?&#8221; css=&#8221;&#8221; el_class=&#8221;faq-toggle&#8221;]Collegamento ad un rubinetto con Acqua potabile e presa di<br \/>\ncorrente 220V.[\/vc_toggle][vc_toggle title=&#8221;QUALI SONO LE TEMPISTICHE DI PRODUZIONE?&#8221; css=&#8221;&#8221; el_class=&#8221;faq-toggle&#8221;]Il processo elettrolitico \u00e8 di 10 ore.[\/vc_toggle][vc_toggle title=&#8221;IL PRODOTTO (RAME COLLOIDALE) PRODOTTO PU\u00d2 ESSERE STOCCATO?&#8221; css=&#8221;&#8221; el_class=&#8221;faq-toggle&#8221;]S\u00ec, il prodotto pu\u00f2 essere tranquillamente stoccato in contenitori di plastica per due o tre mesi in un<br \/>\nambiente protetto, non esposto alla luce diretta, con temperature ambientali dai 5\u00b0C ai 40\u00b0C.[\/vc_toggle][vc_toggle title=&#8221;IL PRODOTTO \u00c8 TOSSICO E PERICOLOSO?&#8221; css=&#8221;&#8221; el_class=&#8221;faq-toggle&#8221;]Il prodotto non \u00e8 tossico e non \u00e8 pericoloso per l\u2019operatore, per le persone, per gli animali e per l\u2019ambiente.[\/vc_toggle][vc_toggle title=&#8221;QUANTO SI RISPARMIA UTILIZZANDOLO (RISPETTO AL TRADIZIONALE)?&#8221; css=&#8221;&#8221; el_class=&#8221;faq-toggle&#8221;]Il risparmio a pari risultato \u00e8 notevole, infatti, nella maggior parte dei casi, si pu\u00f2 diminuire drasticamente il numero di trattamenti. Il costo di produzione del prodotto \u00e8 bassissimo, di pochi centesimi per litro.[\/vc_toggle][vc_toggle title=&#8221;PRESENZA SUI PRODOTTI AGRICOLI DOPO LA RACCOLTA&#8221; css=&#8221;&#8221; el_class=&#8221;faq-toggle&#8221;]<\/p>\n<div>\n<p>Irrilevante.<\/p>\n<\/div>\n<p>[\/vc_toggle][vc_toggle title=&#8221;PRESENZA NEI TERRENI COLTIVATI&#8221; css=&#8221;&#8221; el_class=&#8221;faq-toggle&#8221;]<\/p>\n<div>\n<p>Irrilevante.<\/p>\n<\/div>\n<p>[\/vc_toggle][vc_toggle title=&#8221;COME SI DEVONO REGISTRARE I TRATTAMENTI NEL QUADERNO DI CAMPAGNA?&#8221; css=&#8221;&#8221; el_class=&#8221;faq-toggle&#8221;]Il trattamento utilizza acqua e rame puro al 99,9% in una quantit\u00e0 inferiore ai 10 mg per litro. (Si allegano le analisi del prodotto, vedi domanda n\u00b03).[\/vc_toggle][vc_toggle title=&#8221;GLI ENTI DI CERTIFICAZIONE DEL BIOLOGICO AUTORIZZANO QUESTI TRATTAMENTI?&#8221; css=&#8221;&#8221; el_class=&#8221;faq-toggle&#8221;]Gli enti di certificazione del biologico dichiarano che i trattamenti a base di<br \/>\nrame sono accettati se le quantit\u00e0 non superano i 4 kg\/ha. Nel nostro caso,<br \/>\nsiamo abbondantemente sotto questo limite.[\/vc_toggle][vc_toggle title=&#8221;IL PRODOTTO FITOSANITARIO VIENE ANALIZZATO PRIMA DEL TRATTAMENTO, OVE RICHIESTO?&#8221; css=&#8221;&#8221; el_class=&#8221;faq-toggle&#8221;]Viene analizzata l\u2019acqua che entra nella macchina e quella che esce a fine processo. Se i parametri non vengono cambiati, un&#8217;analisi all&#8217;inizio della stagione \u00e8 pi\u00f9 che sufficiente.[\/vc_toggle][vc_toggle title=&#8221;SEI SICURO CHE QUESTO TRATTAMENTO NON NECESSITI DELL&#8217;AUTORIZZAZIONE DEL MINISTERO DELLA SANIT\u00c0? HO LETTO CHE OGNI PRODOTTO FITOSANITARIO DEVE ESSERE AUTORIZZATO.&#8221; css=&#8221;&#8221; el_class=&#8221;faq-toggle&#8221;]Il &#8220;nostro&#8221; non viene venduto come prodotto fitosanitario, ma solamente come rame puro al 99,9% disperso in acqua in una quantit\u00e0 inferiore a 10 mg per litro. Abbiamo ottenuto la Certificazione che permette un utilizzo del prodotto senza alcuna limitazione.[\/vc_toggle][vc_toggle title=&#8221;HO VISTO CHE IN MOLTE REGIONI L&#8217;UTILIZZO DEL RAME \u00c8 REGOLAMENTATO IN MANIERA DIVERSA. IL MACCHINARIO POTR\u00c0 ADATTARSI ALLE QUANTIT\u00c0 TABELLARI DI OGNI REGIONE?&#8221; css=&#8221;&#8221; el_class=&#8221;faq-toggle&#8221;]Quantit\u00e0 di 10 mg\/litro sono impossibili per qualsiasi altro prodotto rameico, perci\u00f2 rientriamo anche nelle prescrizioni pi\u00f9 severe e limitanti.[\/vc_toggle][vc_toggle title=&#8221;CI SONO DATI DELLA SPERIMENTAZIONE CON IL CONFRONTO DELLE PIANTE TRATTATE? POTREBBERO ESSERE RICHIESTI IN FASE DI TRATTATIVA.&#8221; css=&#8221;&#8221; el_class=&#8221;faq-toggle&#8221;]Questa \u00e8 una prova che chiediamo a ogni cliente di fare, cos\u00ec possono verificare<br \/>\npraticamente i benefici di questa nuova tecnologia e aggiornare la nostra banca<br \/>\ndati. I dati riscontrati potranno essere forniti al cliente per qualsiasi prodotto che<br \/>\nintenda coltivare.[\/vc_toggle][vc_toggle title=&#8221;HAI UN ELENCO DELLE MALATTIE SULLE QUALI \u00c8 STATA TESTATA LA MACCHINA?&#8221; css=&#8221;&#8221; el_class=&#8221;faq-toggle&#8221;]<\/p>\n<div>\n<p>Il prodotto prodotto dalla nosta macchina ha effetti positivi per:<\/p>\n<p><b>Vite:<\/b> Peronospora (Plasmopara viticola), azione collaterale contro Escoriosi (Phomopsis<\/p>\n<p>viticola), Marciume nero degli acini o Black-rot (Guignardia bidwellii), Melanosi (Septoria<\/p>\n<p>ampelina), Rossore parassitario (Pseudopeziza tracheiphila).<\/p>\n<p><b>Melo, Pero, Cotogno:<\/b> Ticchiolatura, Cancro rameale da Nectria, Muffa a circoli, Marciume<\/p>\n<p>del colletto, Septoriosi del pero, Colpo di fuoco batterico del pero.<\/p>\n<p><b>Nespolo:<\/b> Brusone o Ticchiolatura, Maculatura fogliare.<\/p>\n<p>Pesco, Albicocco, Ciliegio, Susino: Bolla del pesco, Corineo, Moniliosi, Cancro rameale del<\/p>\n<p>pesco, Seccume dei rami, Nerume o Cladosporiosi, Ruggine, Ruggine del ciliegio,<\/p>\n<p>Cilindrosporiosi del ciliegio, Scopazzi del ciliegio, Bozzacchioni del susino.<\/p>\n<p>Attivit\u00e0 collaterale contro Cancro batterico delle drupacee,<\/p>\n<p>Deperimento batterico del pesco, Scabbia batterica dell\u2019albicocco.<\/p>\n<p><b>Agrumi:<\/b> Mal secco, Marciume o Gommosi del colletto,<\/p>\n<p>Allupatura (Phytophthora sp.),<\/p>\n<p>Cancro gommoso, Fumaggine, Antracnosi.<\/p>\n<p>Attivit\u00e0 collaterale contro Cancro batterico degli agrumi.<\/p>\n<p><b>Olivo:<\/b> Occhio di pavone o Cicloconio,<\/p>\n<p>Piombatura o Cercosporiosi, Lebbra, Rogna, Fumaggine.<\/p>\n<p>Attivit\u00e0 collaterale contro Marciume delle drupe.<\/p>\n<p><b>Actinidia:<\/b> Marciume del colletto, Alternaria,<\/p>\n<p>Maculatura batterica.<\/p>\n<p><b>Fragola:<\/b> Marciume bruno del colletto, Vaiolatura,<\/p>\n<p>Maculatura zonata, Maculatura rosso-bruna,<\/p>\n<p>Maculatura angolare.<\/p>\n<p><b>Noce, Nocciolo, Castagno, Mandorlo:<\/b> Antracnosi del noce, Mal dello stacco del nocciolo,<\/p>\n<p>Seccume fogliare del nocciolo, Fersa del castagno.<\/p>\n<p>Attivit\u00e0 collaterale contro macchie nere<\/p>\n<p>del noce, necrosi batterica del nocciolo, cancro batterico del nocciolo.<\/p>\n<p><b>Pomodoro: <\/b>Peronospora del pomodoro, marciume zonato, septoria, cladosporiosi,<\/p>\n<p>alternariosi, nerume del pomodoro, necrosi del midollo o midollo nero, picchiettatura<\/p>\n<p>batterica, maculatura batterica. Attivit\u00e0 collaterale contro cancro batterico e muffa grigia.<\/p>\n<p><b>Melanzana:<\/b> Marciume pedale del fusto, vaiolatura dei frutti o antracnosi. Attivit\u00e0 collaterale<\/p>\n<p>contro marciume molle batterico e muffa grigia.<\/p>\n<p><b>Cetriolo, Cetriolino, Zucchino:<\/b> Peronospora delle cucurbitacee, antracnosi, maculatura<\/p>\n<p>angolare. Attivit\u00e0 collaterale contro marciume molle batterico e muffa grigia.<\/p>\n<p><b>Carciofo, Cardo, Sedano, Finocchio, Asparago:<\/b> Peronospora del carciofo e del cardo,<\/p>\n<p>ruggine dell\u2019asparago, septoriosi del sedano, cercosporiosi del sedano, ramularia del<\/p>\n<p>finocchio, cladosporiosi del finocchio. Attivit\u00e0 collaterale contro marciume molle batterico e<\/p>\n<p>muffa grigia.<\/p>\n<p><b>Lattuga, Scarola, Indivia, Cicoria\/Radicchio, Rucola, Spinacio:<\/b> Peronospora della lattuga,<\/p>\n<p>cercosporiosi delle insalate, alternariosi delle crucifere, antracnosi delle insalate,<\/p>\n<p>peronospora dello spinacio, antracnosi dello spinacio, cercosporiosi dello spinacio,<\/p>\n<p>marciume batterico della lattuga, maculatura batterica della lattuga.<\/p>\n<p><b>Prezzemolo:<\/b> Septoriosi del prezzemolo.<\/p>\n<\/div>\n<p>[\/vc_toggle][\/vc_column][\/vc_row]<\/p>\n<\/div>","protected":false},"excerpt":{"rendered":"<p>[vc_row css=&#8221;.vc_custom_1487065324723{padding-top: 3% !important;padding-bottom: 8% !important;}&#8221;][vc_column][vc_row_inner][vc_column_inner][vc_custom_heading text=&#8221;FAQs: Risposte alle Tue Domande Frequenti&#8221; font_container=&#8221;tag:h1|text_align:center&#8221; use_theme_fonts=&#8221;yes&#8221; css=&#8221;&#8221; heading_style=&#8221;style_1&#8243;][vc_column_text css=&#8221;.vc_custom_1732373844791{padding-right: 15% !important;padding-left: 15% !important;}&#8221;] Abbiamo raccolto le domande pi\u00f9 comuni per offrirti risposte immediate e dettagliate. [\/vc_column_text][\/vc_column_inner][\/vc_row_inner][vc_toggle title=&#8221;IN COSA CONSISTE L\u2019IMPIANTO VENDUTO DA AERIS PER PRODURRE BIORAME?&#8221; css=&#8221;&#8221; el_class=&#8221;faq-toggle&#8221;] L\u2019impianto consiste in un contenitore con annessi necessari per [&hellip;]<\/p>\n","protected":false},"author":1,"featured_media":0,"parent":0,"menu_order":0,"comment_status":"closed","ping_status":"closed","template":"","meta":{"footnotes":""},"class_list":["post-186","page","type-page","status-publish","hentry","clearfix"],"_links":{"self":[{"href":"https:\/\/testing.fadora.it\/aeris\/index.php\/wp-json\/wp\/v2\/pages\/186","targetHints":{"allow":["GET"]}}],"collection":[{"href":"https:\/\/testing.fadora.it\/aeris\/index.php\/wp-json\/wp\/v2\/pages"}],"about":[{"href":"https:\/\/testing.fadora.it\/aeris\/index.php\/wp-json\/wp\/v2\/types\/page"}],"author":[{"embeddable":true,"href":"https:\/\/testing.fadora.it\/aeris\/index.php\/wp-json\/wp\/v2\/users\/1"}],"replies":[{"embeddable":true,"href":"https:\/\/testing.fadora.it\/aeris\/index.php\/wp-json\/wp\/v2\/comments?post=186"}],"version-history":[{"count":9,"href":"https:\/\/testing.fadora.it\/aeris\/index.php\/wp-json\/wp\/v2\/pages\/186\/revisions"}],"predecessor-version":[{"id":1480,"href":"https:\/\/testing.fadora.it\/aeris\/index.php\/wp-json\/wp\/v2\/pages\/186\/revisions\/1480"}],"wp:attachment":[{"href":"https:\/\/testing.fadora.it\/aeris\/index.php\/wp-json\/wp\/v2\/media?parent=186"}],"curies":[{"name":"wp","href":"https:\/\/api.w.org\/{rel}","templated":true}]}}